{"id":184,"date":"2010-11-26T01:28:37","date_gmt":"2010-11-25T23:28:37","guid":{"rendered":"http:\/\/sikadesign.no\/?page_id=184"},"modified":"2011-07-09T11:49:45","modified_gmt":"2011-07-09T09:49:45","slug":"informasjon","status":"publish","type":"page","link":"https:\/\/sikadesign.no\/?page_id=184","title":{"rendered":"Informasjon"},"content":{"rendered":"<p>Velkommen til min Blogg\/nettbutikk.<\/p>\n<p>For \u00e5 finne fram her m\u00e5 du bruke kategorifeltet som ligger til h\u00f8yre p\u00e5 siden.<\/p>\n<p>Under\u00a0 kategorien informasjon finner du opplysninger om hvordan du handler ting som ligger i til salgs-kategorien og om hvordan du kontakter meg om \u00f8nskelig.<\/p>\n<p>Alle varer som du finner her er egenproduserte og vil finnes i bare et eller noen ganske f\u00e5 eksemplarer.<\/p>\n<p>Porto blir beregnet etter postens takster.<\/p>\n<p>Jeg h\u00e5per du kan finne noe du liker, enten til deg selv eller som en gave, eller kanskje til inspirasjon.<\/p>\n<p>Legg gjerne igjen en kommentar\u00a0 om du har lyst.<\/p>\n<p>I denne bloggen g\u00e5r det ikke \u00e5 ha en liste med linker til andre blogger, men det betyr ikke at jeg ikke kan finne p\u00e5 v\u00e6re innom andre rett som det er, men det er ikke alltid jeg f\u00e5r til \u00e5 legge igjen kommentarer.<\/p>\n","protected":false},"excerpt":{"rendered":"<p>Velkommen til min Blogg\/nettbutikk. For \u00e5 finne fram her m\u00e5 du bruke kategorifeltet som ligger til h\u00f8yre p\u00e5 siden. Under\u00a0 kategorien informasjon finner du opplysninger om hvordan du handler ting som ligger i til salgs-kategorien og om hvordan du kontakter meg om \u00f8nskelig. Alle varer som du finner her er egenproduserte og vil finnes i bare et eller noen ganske f\u00e5 eksemplarer. Porto blir beregnet etter postens takster. Jeg h\u00e5per du kan finne noe du liker, enten til deg selv eller som en gave, eller kanskje til inspirasjon. Legg gjerne igjen en kommentar\u00a0 om du har lyst. I denne bloggen&hellip;<\/p>\n","protected":false},"author":1,"featured_media":0,"parent":0,"menu_order":0,"comment_status":"closed","ping_status":"closed","template":"","meta":{"footnotes":""},"class_list":["post-184","page","type-page","status-publish","hentry"],"_links":{"self":[{"href":"https:\/\/sikadesign.no\/index.php?rest_route=\/wp\/v2\/pages\/184","targetHints":{"allow":["GET"]}}],"collection":[{"href":"https:\/\/sikadesign.no\/index.php?rest_route=\/wp\/v2\/pages"}],"about":[{"href":"https:\/\/sikadesign.no\/index.php?rest_route=\/wp\/v2\/types\/page"}],"author":[{"embeddable":true,"href":"https:\/\/sikadesign.no\/index.php?rest_route=\/wp\/v2\/users\/1"}],"replies":[{"embeddable":true,"href":"https:\/\/sikadesign.no\/index.php?rest_route=%2Fwp%2Fv2%2Fcomments&post=184"}],"version-history":[{"count":6,"href":"https:\/\/sikadesign.no\/index.php?rest_route=\/wp\/v2\/pages\/184\/revisions"}],"predecessor-version":[{"id":381,"href":"https:\/\/sikadesign.no\/index.php?rest_route=\/wp\/v2\/pages\/184\/revisions\/381"}],"wp:attachment":[{"href":"https:\/\/sikadesign.no\/index.php?rest_route=%2Fwp%2Fv2%2Fmedia&parent=184"}],"curies":[{"name":"wp","href":"https:\/\/api.w.org\/{rel}","templated":true}]}}